{"id":10,"date":"2025-05-05T08:55:05","date_gmt":"2025-05-05T08:55:05","guid":{"rendered":"https:\/\/fspo.tomasfranciscook.com\/?page_id=10"},"modified":"2025-06-28T17:42:22","modified_gmt":"2025-06-28T17:42:22","slug":"about-us","status":"publish","type":"page","link":"https:\/\/fspo.tomasfranciscook.com\/en\/about-us\/","title":{"rendered":"Chi siamo"},"content":{"rendered":"<div data-elementor-type=\"wp-page\" data-elementor-id=\"10\" class=\"elementor elementor-10\">\n\t\t\t\t<div class=\"elementor-element elementor-element-d4af7b1 e-con-full e-flex wpr-particle-no wpr-jarallax-no wpr-parallax-no wpr-sticky-section-no e-con e-parent\" data-id=\"d4af7b1\" data-element_type=\"container\" data-settings=\"{&quot;background_background&quot;:&quot;classic&quot;}\">\n\t\t\t\t<div class=\"elementor-element elementor-element-aedc689 exad-sticky-section-no exad-glass-effect-no elementor-widget elementor-widget-heading\" data-id=\"aedc689\" data-element_type=\"widget\" data-widget_type=\"heading.default\">\n\t\t\t\t<div class=\"elementor-widget-container\">\n\t\t\t\t\t<h1 class=\"elementor-heading-title elementor-size-default\">Chi siamo?<\/h1>\t\t\t\t<\/div>\n\t\t\t\t<\/div>\n\t\t\t\t<\/div>\n\t\t<div class=\"elementor-element elementor-element-c97b439 e-flex e-con-boxed wpr-particle-no wpr-jarallax-no wpr-parallax-no wpr-sticky-section-no e-con e-parent\" data-id=\"c97b439\" data-element_type=\"container\">\n\t\t\t\t\t<div class=\"e-con-inner\">\n\t\t<div class=\"elementor-element elementor-element-34a32a9 e-flex e-con-boxed wpr-particle-no wpr-jarallax-no wpr-parallax-no wpr-sticky-section-no e-con e-child\" data-id=\"34a32a9\" data-element_type=\"container\">\n\t\t\t\t\t<div class=\"e-con-inner\">\n\t\t\t\t<div class=\"elementor-element elementor-element-a2f8dbb exad-sticky-section-no exad-glass-effect-no elementor-widget elementor-widget-image\" data-id=\"a2f8dbb\" data-element_type=\"widget\" data-widget_type=\"image.default\">\n\t\t\t\t<div class=\"elementor-widget-container\">\n\t\t\t\t\t\t\t\t\t\t\t\t\t\t\t<img fetchpriority=\"high\" decoding=\"async\" width=\"960\" height=\"1280\" src=\"https:\/\/fspo.tomasfranciscook.com\/wp-content\/uploads\/2025\/06\/labarte.jpg\" class=\"attachment-full size-full wp-image-34194\" alt=\"\" srcset=\"https:\/\/fspo.tomasfranciscook.com\/wp-content\/uploads\/2025\/06\/labarte.jpg 960w, https:\/\/fspo.tomasfranciscook.com\/wp-content\/uploads\/2025\/06\/labarte-225x300.jpg 225w, https:\/\/fspo.tomasfranciscook.com\/wp-content\/uploads\/2025\/06\/labarte-768x1024.jpg 768w, https:\/\/fspo.tomasfranciscook.com\/wp-content\/uploads\/2025\/06\/labarte-9x12.jpg 9w\" sizes=\"(max-width: 960px) 100vw, 960px\" \/>\t\t\t\t\t\t\t\t\t\t\t\t\t\t\t<\/div>\n\t\t\t\t<\/div>\n\t\t\t\t\t<\/div>\n\t\t\t\t<\/div>\n\t\t<div class=\"elementor-element elementor-element-dfa1a06 e-flex e-con-boxed wpr-particle-no wpr-jarallax-no wpr-parallax-no wpr-sticky-section-no e-con e-child\" data-id=\"dfa1a06\" data-element_type=\"container\">\n\t\t\t\t\t<div class=\"e-con-inner\">\n\t\t\t\t<div class=\"elementor-element elementor-element-9a794cb exad-sticky-section-no exad-glass-effect-no elementor-widget elementor-widget-heading\" data-id=\"9a794cb\" data-element_type=\"widget\" data-widget_type=\"heading.default\">\n\t\t\t\t<div class=\"elementor-widget-container\">\n\t\t\t\t\t<h2 class=\"elementor-heading-title elementor-size-default\">Fondazione Stella Polare Onlus<\/h2>\t\t\t\t<\/div>\n\t\t\t\t<\/div>\n\t\t\t\t<div class=\"elementor-element elementor-element-f735ac3 exad-sticky-section-no exad-glass-effect-no elementor-widget elementor-widget-heading\" data-id=\"f735ac3\" data-element_type=\"widget\" data-widget_type=\"heading.default\">\n\t\t\t\t<div class=\"elementor-widget-container\">\n\t\t\t\t\t<h6 class=\"elementor-heading-title elementor-size-default\">Altruismo in azione<\/h6>\t\t\t\t<\/div>\n\t\t\t\t<\/div>\n\t\t\t\t<div class=\"elementor-element elementor-element-0b81c80 exad-sticky-section-no exad-glass-effect-no elementor-widget elementor-widget-text-editor\" data-id=\"0b81c80\" data-element_type=\"widget\" data-widget_type=\"text-editor.default\">\n\t\t\t\t<div class=\"elementor-widget-container\">\n\t\t\t\t\t\t\t\t\t<p class=\"block antialiased font-sans text-base font-light leading-relaxed text-black\">La Fondazione Stella Polare Onlus \u00e8 nata per offrire una guida a coloro che si sentono insoddisfatti dai valori dominanti nella societ\u00e0 di oggi. Mentre l\u2019individualismo, l\u2019egoismo, l\u2019avidit\u00e0 e il materialismo artificiale sembrano essere promossi e incoraggiati, chi segue i principi etici come l\u2019onest\u00e0, l\u2019integrit\u00e0 personale, il servizio disinteressato si sente emarginato e quasi ridicolizzato.<\/p><p class=\"block antialiased font-sans text-base font-light leading-relaxed text-black\">Ebbene noi crediamo che prendere scorciatoie a discapito dell\u2019etica eventualmente si paghi e pure con gli interessi. Infatti, silenziando ripetutamente la voce della coscienza non ci si libera dai sottili sensi di colpa che tali azioni creano nel pi\u00f9 profondo del nostro essere. Essi spesso sono la causa di malattie e sofferenze apparentemente non riconducibili a esse.<\/p>\t\t\t\t\t\t\t\t<\/div>\n\t\t\t\t<\/div>\n\t\t\t\t<div class=\"elementor-element elementor-element-9ac6ef0 elementor-align-justify exad-sticky-section-no exad-glass-effect-no elementor-widget elementor-widget-button\" data-id=\"9ac6ef0\" data-element_type=\"widget\" data-widget_type=\"button.default\">\n\t\t\t\t<div class=\"elementor-widget-container\">\n\t\t\t\t\t\t\t\t\t<div class=\"elementor-button-wrapper\">\n\t\t\t\t\t<a class=\"elementor-button elementor-button-link elementor-size-sm\" href=\"\/en\/donare\/\">\n\t\t\t\t\t\t<span class=\"elementor-button-content-wrapper\">\n\t\t\t\t\t\t\t\t\t<span class=\"elementor-button-text\">Aiutaci ora donando il tuo 5x1000<\/span>\n\t\t\t\t\t<\/span>\n\t\t\t\t\t<\/a>\n\t\t\t\t<\/div>\n\t\t\t\t\t\t\t\t<\/div>\n\t\t\t\t<\/div>\n\t\t\t\t\t<\/div>\n\t\t\t\t<\/div>\n\t\t\t\t\t<\/div>\n\t\t\t\t<\/div>\n\t\t<div class=\"elementor-element elementor-element-23df2d5 e-flex e-con-boxed wpr-particle-no wpr-jarallax-no wpr-parallax-no wpr-sticky-section-no e-con e-parent\" data-id=\"23df2d5\" data-element_type=\"container\">\n\t\t\t\t\t<div class=\"e-con-inner\">\n\t\t<div class=\"elementor-element elementor-element-71d2456 e-con-full e-flex wpr-particle-no wpr-jarallax-no wpr-parallax-no wpr-sticky-section-no e-con e-child\" data-id=\"71d2456\" data-element_type=\"container\" data-settings=\"{&quot;background_background&quot;:&quot;classic&quot;}\">\n\t\t\t\t<\/div>\n\t\t\t\t\t<\/div>\n\t\t\t\t<\/div>\n\t\t<div class=\"elementor-element elementor-element-5edc51b e-flex e-con-boxed wpr-particle-no wpr-jarallax-no wpr-parallax-no wpr-sticky-section-no e-con e-parent\" data-id=\"5edc51b\" data-element_type=\"container\">\n\t\t\t\t\t<div class=\"e-con-inner\">\n\t\t<div class=\"elementor-element elementor-element-35214a0 e-flex e-con-boxed wpr-particle-no wpr-jarallax-no wpr-parallax-no wpr-sticky-section-no e-con e-child\" data-id=\"35214a0\" data-element_type=\"container\">\n\t\t\t\t\t<div class=\"e-con-inner\">\n\t\t\t\t<div class=\"elementor-element elementor-element-344f092 exad-sticky-section-no exad-glass-effect-no elementor-widget elementor-widget-image\" data-id=\"344f092\" data-element_type=\"widget\" data-widget_type=\"image.default\">\n\t\t\t\t<div class=\"elementor-widget-container\">\n\t\t\t\t\t\t\t\t\t\t\t\t\t\t\t<img decoding=\"async\" width=\"960\" height=\"1280\" src=\"https:\/\/fspo.tomasfranciscook.com\/wp-content\/uploads\/2025\/06\/labceramica-6.jpg\" class=\"attachment-full size-full wp-image-34199\" alt=\"\" srcset=\"https:\/\/fspo.tomasfranciscook.com\/wp-content\/uploads\/2025\/06\/labceramica-6.jpg 960w, https:\/\/fspo.tomasfranciscook.com\/wp-content\/uploads\/2025\/06\/labceramica-6-225x300.jpg 225w, https:\/\/fspo.tomasfranciscook.com\/wp-content\/uploads\/2025\/06\/labceramica-6-768x1024.jpg 768w, https:\/\/fspo.tomasfranciscook.com\/wp-content\/uploads\/2025\/06\/labceramica-6-9x12.jpg 9w\" sizes=\"(max-width: 960px) 100vw, 960px\" \/>\t\t\t\t\t\t\t\t\t\t\t\t\t\t\t<\/div>\n\t\t\t\t<\/div>\n\t\t\t\t\t<\/div>\n\t\t\t\t<\/div>\n\t\t<div class=\"elementor-element elementor-element-0304daf e-flex e-con-boxed wpr-particle-no wpr-jarallax-no wpr-parallax-no wpr-sticky-section-no e-con e-child\" data-id=\"0304daf\" data-element_type=\"container\">\n\t\t\t\t\t<div class=\"e-con-inner\">\n\t\t\t\t<div class=\"elementor-element elementor-element-4909738 exad-sticky-section-no exad-glass-effect-no elementor-widget elementor-widget-text-editor\" data-id=\"4909738\" data-element_type=\"widget\" data-widget_type=\"text-editor.default\">\n\t\t\t\t<div class=\"elementor-widget-container\">\n\t\t\t\t\t\t\t\t\t<p>La Fondazione Stella Polare Onlus \u00e8 un\u2019entit\u00e0 senza fini di lucro che vuole essere una forza sociale dinamica per un progresso a tutto tondo.<br \/>Attraverso sensibili principi di vita e attivit\u00e0 che favoriscono il benessere sociale, essa vuole risvegliare nella gente la consapevolezza che vivere coscientemente contribuisce a creare un vero paradiso nelle nostre vite.<\/p><p>Siamo nati nel cuore del quartiere San Cristoforo di Catania, una delle zone pi\u00f9 fragili della citt\u00e0, per offrire sostegno concreto, presenza educativa e possibilit\u00e0 di sviluppo umano e spirituale.<\/p>\t\t\t\t\t\t\t\t<\/div>\n\t\t\t\t<\/div>\n\t\t\t\t<div class=\"elementor-element elementor-element-07936e1 elementor-align-justify exad-sticky-section-no exad-glass-effect-no elementor-widget elementor-widget-button\" data-id=\"07936e1\" data-element_type=\"widget\" data-widget_type=\"button.default\">\n\t\t\t\t<div class=\"elementor-widget-container\">\n\t\t\t\t\t\t\t\t\t<div class=\"elementor-button-wrapper\">\n\t\t\t\t\t<a class=\"elementor-button elementor-button-link elementor-size-sm\" href=\"\/en\/donare\/\">\n\t\t\t\t\t\t<span class=\"elementor-button-content-wrapper\">\n\t\t\t\t\t\t\t\t\t<span class=\"elementor-button-text\">Aiutaci ora donando il tuo 5x1000<\/span>\n\t\t\t\t\t<\/span>\n\t\t\t\t\t<\/a>\n\t\t\t\t<\/div>\n\t\t\t\t\t\t\t\t<\/div>\n\t\t\t\t<\/div>\n\t\t\t\t\t<\/div>\n\t\t\t\t<\/div>\n\t\t\t\t\t<\/div>\n\t\t\t\t<\/div>\n\t\t<div class=\"elementor-element elementor-element-7365f3a e-flex e-con-boxed wpr-particle-no wpr-jarallax-no wpr-parallax-no wpr-sticky-section-no e-con e-parent\" data-id=\"7365f3a\" data-element_type=\"container\">\n\t\t\t\t\t<div class=\"e-con-inner\">\n\t\t<div class=\"elementor-element elementor-element-ff799ae e-flex e-con-boxed wpr-particle-no wpr-jarallax-no wpr-parallax-no wpr-sticky-section-no e-con e-child\" data-id=\"ff799ae\" data-element_type=\"container\">\n\t\t\t\t\t<div class=\"e-con-inner\">\n\t\t\t\t<div class=\"elementor-element elementor-element-b56562f exad-sticky-section-no exad-glass-effect-no elementor-widget elementor-widget-image\" data-id=\"b56562f\" data-element_type=\"widget\" data-widget_type=\"image.default\">\n\t\t\t\t<div class=\"elementor-widget-container\">\n\t\t\t\t\t\t\t\t\t\t\t\t\t\t\t<img decoding=\"async\" width=\"960\" height=\"1280\" src=\"https:\/\/fspo.tomasfranciscook.com\/wp-content\/uploads\/2025\/06\/labterrazzo-3.jpg\" class=\"attachment-full size-full wp-image-34228\" alt=\"\" srcset=\"https:\/\/fspo.tomasfranciscook.com\/wp-content\/uploads\/2025\/06\/labterrazzo-3.jpg 960w, https:\/\/fspo.tomasfranciscook.com\/wp-content\/uploads\/2025\/06\/labterrazzo-3-225x300.jpg 225w, https:\/\/fspo.tomasfranciscook.com\/wp-content\/uploads\/2025\/06\/labterrazzo-3-768x1024.jpg 768w, https:\/\/fspo.tomasfranciscook.com\/wp-content\/uploads\/2025\/06\/labterrazzo-3-9x12.jpg 9w\" sizes=\"(max-width: 960px) 100vw, 960px\" \/>\t\t\t\t\t\t\t\t\t\t\t\t\t\t\t<\/div>\n\t\t\t\t<\/div>\n\t\t\t\t\t<\/div>\n\t\t\t\t<\/div>\n\t\t<div class=\"elementor-element elementor-element-410a36d e-flex e-con-boxed wpr-particle-no wpr-jarallax-no wpr-parallax-no wpr-sticky-section-no e-con e-child\" data-id=\"410a36d\" data-element_type=\"container\">\n\t\t\t\t\t<div class=\"e-con-inner\">\n\t\t\t\t<div class=\"elementor-element elementor-element-d3de9a7 exad-sticky-section-no exad-glass-effect-no elementor-widget elementor-widget-text-editor\" data-id=\"d3de9a7\" data-element_type=\"widget\" data-widget_type=\"text-editor.default\">\n\t\t\t\t<div class=\"elementor-widget-container\">\n\t\t\t\t\t\t\t\t\t<p>Ogni giorno apriamo le porte del nostro doposcuola, distribuiamo cibo, organizziamo laboratori creativi, coltiviamo relazioni autentiche e accompagniamo bambini, giovani e famiglie in un percorso di crescita consapevole.<\/p><p>Crediamo che il cambiamento inizi dalle piccole cose, dai luoghi che abitiamo, dai gesti quotidiani e dall\u2019impegno collettivo. Per questo lavoriamo con amore, insieme a una rete di volontari, amici e sostenitori, per costruire un futuro pi\u00f9 giusto, armonioso e luminoso\u00a0per\u00a0tutti.<\/p><p>\u00a0<\/p>\t\t\t\t\t\t\t\t<\/div>\n\t\t\t\t<\/div>\n\t\t\t\t<div class=\"elementor-element elementor-element-d3e24cf elementor-align-justify exad-sticky-section-no exad-glass-effect-no elementor-widget elementor-widget-button\" data-id=\"d3e24cf\" data-element_type=\"widget\" data-widget_type=\"button.default\">\n\t\t\t\t<div class=\"elementor-widget-container\">\n\t\t\t\t\t\t\t\t\t<div class=\"elementor-button-wrapper\">\n\t\t\t\t\t<a class=\"elementor-button elementor-button-link elementor-size-sm\" href=\"\/en\/donare\/\">\n\t\t\t\t\t\t<span class=\"elementor-button-content-wrapper\">\n\t\t\t\t\t\t\t\t\t<span class=\"elementor-button-text\">Aiutaci ora donando il tuo 5x1000<\/span>\n\t\t\t\t\t<\/span>\n\t\t\t\t\t<\/a>\n\t\t\t\t<\/div>\n\t\t\t\t\t\t\t\t<\/div>\n\t\t\t\t<\/div>\n\t\t\t\t\t<\/div>\n\t\t\t\t<\/div>\n\t\t\t\t\t<\/div>\n\t\t\t\t<\/div>\n\t\t\t\t<\/div>","protected":false},"excerpt":{"rendered":"<p>Chi siamo? Fondazione Stella Polare Onlus Altruismo in azione La Fondazione Stella Polare Onlus \u00e8 nata per offrire una guida a coloro che si sentono insoddisfatti dai valori dominanti nella societ\u00e0 di oggi. Mentre l\u2019individualismo, l\u2019egoismo, l\u2019avidit\u00e0 e il materialismo artificiale sembrano essere promossi e incoraggiati, chi segue i principi etici come l\u2019onest\u00e0, l\u2019integrit\u00e0 personale, il servizio disinteressato si sente emarginato e quasi ridicolizzato. Ebbene noi crediamo che prendere scorciatoie a discapito dell\u2019etica eventualmente si paghi e pure con gli interessi. Infatti, silenziando ripetutamente la voce della coscienza non ci si libera dai sottili sensi di colpa che tali azioni creano nel pi\u00f9 profondo del nostro essere. Essi spesso sono la causa di malattie e sofferenze apparentemente non riconducibili a esse. Aiutaci ora donando il tuo 5&#215;1000 La Fondazione Stella Polare Onlus \u00e8 un\u2019entit\u00e0 senza fini di lucro che vuole essere una forza sociale dinamica per un progresso a tutto tondo.Attraverso sensibili principi di vita e attivit\u00e0 che favoriscono il benessere sociale, essa vuole risvegliare nella gente la consapevolezza che vivere coscientemente contribuisce a creare un vero paradiso nelle nostre vite. Siamo nati nel cuore del quartiere San Cristoforo di Catania, una delle zone pi\u00f9 fragili della citt\u00e0, per offrire sostegno concreto, presenza educativa e possibilit\u00e0 di sviluppo umano e spirituale. Aiutaci ora donando il tuo 5&#215;1000 Ogni giorno apriamo le porte del nostro doposcuola, distribuiamo cibo, organizziamo laboratori creativi, coltiviamo relazioni autentiche e accompagniamo bambini, giovani e famiglie in un percorso di crescita consapevole. Crediamo che il cambiamento inizi dalle piccole cose, dai luoghi che abitiamo, dai gesti quotidiani e dall\u2019impegno collettivo. Per questo lavoriamo con amore, insieme a una rete di volontari, amici e sostenitori, per costruire un futuro pi\u00f9 giusto, armonioso e luminoso\u00a0per\u00a0tutti. \u00a0 Aiutaci ora donando il tuo 5&#215;1000<\/p>","protected":false},"author":1,"featured_media":0,"parent":0,"menu_order":0,"comment_status":"closed","ping_status":"closed","template":"elementor_header_footer","meta":{"give_campaign_id":0,"footnotes":""},"class_list":["post-10","page","type-page","status-publish","hentry"],"campaignId":"","_links":{"self":[{"href":"https:\/\/fspo.tomasfranciscook.com\/en\/wp-json\/wp\/v2\/pages\/10","targetHints":{"allow":["GET"]}}],"collection":[{"href":"https:\/\/fspo.tomasfranciscook.com\/en\/wp-json\/wp\/v2\/pages"}],"about":[{"href":"https:\/\/fspo.tomasfranciscook.com\/en\/wp-json\/wp\/v2\/types\/page"}],"author":[{"embeddable":true,"href":"https:\/\/fspo.tomasfranciscook.com\/en\/wp-json\/wp\/v2\/users\/1"}],"replies":[{"embeddable":true,"href":"https:\/\/fspo.tomasfranciscook.com\/en\/wp-json\/wp\/v2\/comments?post=10"}],"version-history":[{"count":41,"href":"https:\/\/fspo.tomasfranciscook.com\/en\/wp-json\/wp\/v2\/pages\/10\/revisions"}],"predecessor-version":[{"id":34481,"href":"https:\/\/fspo.tomasfranciscook.com\/en\/wp-json\/wp\/v2\/pages\/10\/revisions\/34481"}],"wp:attachment":[{"href":"https:\/\/fspo.tomasfranciscook.com\/en\/wp-json\/wp\/v2\/media?parent=10"}],"curies":[{"name":"wp","href":"https:\/\/api.w.org\/{rel}","templated":true}]}}