{"id":12,"date":"2025-05-05T08:55:53","date_gmt":"2025-05-05T08:55:53","guid":{"rendered":"https:\/\/fspo.tomasfranciscook.com\/?page_id=12"},"modified":"2025-06-28T17:38:39","modified_gmt":"2025-06-28T17:38:39","slug":"tutti-i-progetti","status":"publish","type":"page","link":"https:\/\/fspo.tomasfranciscook.com\/en\/tutti-i-progetti\/","title":{"rendered":"Progetti"},"content":{"rendered":"<div data-elementor-type=\"wp-page\" data-elementor-id=\"12\" class=\"elementor elementor-12\">\n\t\t\t\t<div class=\"elementor-element elementor-element-3ee943ab e-con-full e-flex wpr-particle-no wpr-jarallax-no wpr-parallax-no wpr-sticky-section-no e-con e-parent\" data-id=\"3ee943ab\" data-element_type=\"container\" data-settings=\"{&quot;background_background&quot;:&quot;classic&quot;}\">\n\t\t<div class=\"elementor-element elementor-element-2426d987 e-flex e-con-boxed wpr-particle-no wpr-jarallax-no wpr-parallax-no wpr-sticky-section-no e-con e-child\" data-id=\"2426d987\" data-element_type=\"container\">\n\t\t\t\t\t<div class=\"e-con-inner\">\n\t\t\t\t<div class=\"elementor-element elementor-element-4159b0b3 exad-sticky-section-no exad-glass-effect-no elementor-widget elementor-widget-xpro-page-title\" data-id=\"4159b0b3\" data-element_type=\"widget\" data-widget_type=\"xpro-page-title.default\">\n\t\t\t\t<div class=\"elementor-widget-container\">\n\t\t\t\t\t\n<h1 class=\"xpro-page-title\">\n<span class=\"xpro-page-title-text\">\n\t\tProgetti\t<\/span>\n<\/h1>\n\t\t\t\t<\/div>\n\t\t\t\t<\/div>\n\t\t\t\t\t<\/div>\n\t\t\t\t<\/div>\n\t\t\t\t<\/div>\n\t\t<div class=\"elementor-element elementor-element-1b9f7af e-con-full e-flex wpr-particle-no wpr-jarallax-no wpr-parallax-no wpr-sticky-section-no e-con e-parent\" data-id=\"1b9f7af\" data-element_type=\"container\">\n\t\t<div class=\"elementor-element elementor-element-d89e92e e-flex e-con-boxed wpr-particle-no wpr-jarallax-no wpr-parallax-no wpr-sticky-section-no e-con e-child\" data-id=\"d89e92e\" data-element_type=\"container\">\n\t\t\t\t\t<div class=\"e-con-inner\">\n\t\t\t\t<div class=\"elementor-element elementor-element-f3c41eb exad-sticky-section-no exad-glass-effect-no elementor-widget elementor-widget-heading\" data-id=\"f3c41eb\" data-element_type=\"widget\" data-widget_type=\"heading.default\">\n\t\t\t\t<div class=\"elementor-widget-container\">\n\t\t\t\t\t<p class=\"elementor-heading-title elementor-size-default\">I nostri progetti rispondono ai bisogni concreti del territorio.\nDallo studio alla nutrizione, dalla creativit\u00e0 alla crescita spirituale, ogni attivit\u00e0 nasce per costruire una comunit\u00e0 pi\u00f9 solidale e consapevole.\n<\/p>\t\t\t\t<\/div>\n\t\t\t\t<\/div>\n\t\t\t\t\t<\/div>\n\t\t\t\t<\/div>\n\t\t\t\t<\/div>\n\t\t<div class=\"elementor-element elementor-element-3168d250 e-con-full e-flex wpr-particle-no wpr-jarallax-no wpr-parallax-no wpr-sticky-section-no e-con e-parent\" data-id=\"3168d250\" data-element_type=\"container\">\n\t\t<div class=\"elementor-element elementor-element-190b910f e-flex e-con-boxed wpr-particle-no wpr-jarallax-no wpr-parallax-no wpr-sticky-section-no e-con e-child\" data-id=\"190b910f\" data-element_type=\"container\">\n\t\t\t\t\t<div class=\"e-con-inner\">\n\t\t<div class=\"elementor-element elementor-element-de47d67 e-con-full e-flex wpr-particle-no wpr-jarallax-no wpr-parallax-no wpr-sticky-section-no e-con e-child\" data-id=\"de47d67\" data-element_type=\"container\">\n\t\t\t\t<div class=\"elementor-element elementor-element-75cf791 exad-sticky-section-no exad-glass-effect-no elementor-widget elementor-widget-shortcode\" data-id=\"75cf791\" data-element_type=\"widget\" data-widget_type=\"shortcode.default\">\n\t\t\t\t<div class=\"elementor-widget-container\">\n\t\t\t\t\t\t\t<div class=\"elementor-shortcode\"><div class=\"griglia-progetti\">            <div class=\"scheda-progetto\">\n                                    <a href=\"https:\/\/fspo.tomasfranciscook.com\/en\/progetti\/lutieria-orchestra-bambini\/\">\n                        <img fetchpriority=\"high\" decoding=\"async\" width=\"300\" height=\"169\" src=\"https:\/\/fspo.tomasfranciscook.com\/wp-content\/uploads\/2025\/06\/doposcuolakids-33-300x169.jpg\" class=\"attachment-medium size-medium wp-post-image\" alt=\"\" srcset=\"https:\/\/fspo.tomasfranciscook.com\/wp-content\/uploads\/2025\/06\/doposcuolakids-33-300x169.jpg 300w, https:\/\/fspo.tomasfranciscook.com\/wp-content\/uploads\/2025\/06\/doposcuolakids-33-1024x576.jpg 1024w, https:\/\/fspo.tomasfranciscook.com\/wp-content\/uploads\/2025\/06\/doposcuolakids-33-768x432.jpg 768w, https:\/\/fspo.tomasfranciscook.com\/wp-content\/uploads\/2025\/06\/doposcuolakids-33-18x10.jpg 18w, https:\/\/fspo.tomasfranciscook.com\/wp-content\/uploads\/2025\/06\/doposcuolakids-33.jpg 1280w\" sizes=\"(max-width: 300px) 100vw, 300px\" \/>                    <\/a>\n                                <h2><a href=\"https:\/\/fspo.tomasfranciscook.com\/en\/progetti\/lutieria-orchestra-bambini\/\">Lutieria Orchestra Bambini<\/a><\/h2>\n                <p>Il Nostro Impegno per lo Sviluppo dei Bambini Offriamo un supporto completo e stimolante per la crescita e il benessere...<\/p>\n                <a href=\"https:\/\/fspo.tomasfranciscook.com\/en\/progetti\/lutieria-orchestra-bambini\/\" class=\"btn-scopri-di-piu\">Leer m\u00e1s<\/a>\n            <\/div>\n                        <div class=\"scheda-progetto\">\n                                    <a href=\"https:\/\/fspo.tomasfranciscook.com\/en\/progetti\/asilo-per-bimbi\/\">\n                        <img fetchpriority=\"high\" decoding=\"async\" width=\"300\" height=\"169\" src=\"https:\/\/fspo.tomasfranciscook.com\/wp-content\/uploads\/2025\/06\/doposcuolakids-33-300x169.jpg\" class=\"attachment-medium size-medium wp-post-image\" alt=\"\" srcset=\"https:\/\/fspo.tomasfranciscook.com\/wp-content\/uploads\/2025\/06\/doposcuolakids-33-300x169.jpg 300w, https:\/\/fspo.tomasfranciscook.com\/wp-content\/uploads\/2025\/06\/doposcuolakids-33-1024x576.jpg 1024w, https:\/\/fspo.tomasfranciscook.com\/wp-content\/uploads\/2025\/06\/doposcuolakids-33-768x432.jpg 768w, https:\/\/fspo.tomasfranciscook.com\/wp-content\/uploads\/2025\/06\/doposcuolakids-33-18x10.jpg 18w, https:\/\/fspo.tomasfranciscook.com\/wp-content\/uploads\/2025\/06\/doposcuolakids-33.jpg 1280w\" sizes=\"(max-width: 300px) 100vw, 300px\" \/>                    <\/a>\n                                <h2><a href=\"https:\/\/fspo.tomasfranciscook.com\/en\/progetti\/asilo-per-bimbi\/\">Asilo per bimbi<\/a><\/h2>\n                <p>Il Nostro Impegno per lo Sviluppo dei Bambini Offriamo un supporto completo e stimolante per la crescita e il benessere...<\/p>\n                <a href=\"https:\/\/fspo.tomasfranciscook.com\/en\/progetti\/asilo-per-bimbi\/\" class=\"btn-scopri-di-piu\">Leer m\u00e1s<\/a>\n            <\/div>\n                        <div class=\"scheda-progetto\">\n                                    <a href=\"https:\/\/fspo.tomasfranciscook.com\/en\/progetti\/doposcuola\/\">\n                        <img fetchpriority=\"high\" decoding=\"async\" width=\"300\" height=\"169\" src=\"https:\/\/fspo.tomasfranciscook.com\/wp-content\/uploads\/2025\/06\/doposcuolakids-33-300x169.jpg\" class=\"attachment-medium size-medium wp-post-image\" alt=\"\" srcset=\"https:\/\/fspo.tomasfranciscook.com\/wp-content\/uploads\/2025\/06\/doposcuolakids-33-300x169.jpg 300w, https:\/\/fspo.tomasfranciscook.com\/wp-content\/uploads\/2025\/06\/doposcuolakids-33-1024x576.jpg 1024w, https:\/\/fspo.tomasfranciscook.com\/wp-content\/uploads\/2025\/06\/doposcuolakids-33-768x432.jpg 768w, https:\/\/fspo.tomasfranciscook.com\/wp-content\/uploads\/2025\/06\/doposcuolakids-33-18x10.jpg 18w, https:\/\/fspo.tomasfranciscook.com\/wp-content\/uploads\/2025\/06\/doposcuolakids-33.jpg 1280w\" sizes=\"(max-width: 300px) 100vw, 300px\" \/>                    <\/a>\n                                <h2><a href=\"https:\/\/fspo.tomasfranciscook.com\/en\/progetti\/doposcuola\/\">Doposcuola<\/a><\/h2>\n                <p>Il Nostro Impegno per lo Sviluppo dei Bambini Offriamo un supporto completo e stimolante per la crescita e il benessere...<\/p>\n                <a href=\"https:\/\/fspo.tomasfranciscook.com\/en\/progetti\/doposcuola\/\" class=\"btn-scopri-di-piu\">Leer m\u00e1s<\/a>\n            <\/div>\n            <\/div>\n<\/div>\n\t\t\t\t\t\t<\/div>\n\t\t\t\t<\/div>\n\t\t\t\t<\/div>\n\t\t\t\t<div class=\"elementor-element elementor-element-5cc6f4db elementor-hidden-desktop elementor-hidden-tablet elementor-hidden-mobile exad-sticky-section-no exad-glass-effect-no elementor-widget elementor-widget-xpro-hero-slider\" data-id=\"5cc6f4db\" data-element_type=\"widget\" data-widget_type=\"xpro-hero-slider.default\">\n\t\t\t\t<div class=\"elementor-widget-container\">\n\t\t\t\t\t<div class=\"xpro-hero-slider-wrapper xpro-swiper-slider-theme xpro-swiper-navigation-horizontal-style-1 xpro-swiper-dots-horizontal-style-1\">\n<div id=\"xpro-hero-slider-5cc6f4db\" class=\"swiper xpro-hero-slider\" data-xpro-hero-slider-setting=\"{&quot;slide_effect&quot;:&quot;slide&quot;,&quot;slide_speed&quot;:3,&quot;loop&quot;:true,&quot;mouse_drag&quot;:true,&quot;autoplay&quot;:true,&quot;autoplay_timeout&quot;:3}\">\n\t<div class=\"swiper-wrapper\">\n\t\t\t\t\t<!-- Slides -->\n\t\t\t<div class=\"elementor-repeater-item-545d971 swiper-slide\">\n\t\t\t\t<!--Slide BG-->\n\t\t\t\t<div data-swiper-parallax=\"50%\" class=\"xpro-hero-slider-slide-bg\"><\/div>\n\t\t\t\t<!--Slide Content-->\n\t\t\t\t<div class=\"xpro-hero-slider-slide-content-wrapper\">\n\t\t\t\t\t<div class=\"xpro-hero-slider-slide-content-area\">\n\t\t\t\t\t\t<div class=\"xpro-hero-slider-subtitle-wrapper\"><h4 class=\"xpro-hero-slider-subtitle\" data-animation=\"none\">Aiutiamo a costruire il futuro<\/h4><\/div>\t\t\t\t\t\t<div class=\"xpro-hero-slider-title-wrapper\"><h2 class=\"xpro-hero-slider-title\" data-animation=\"none\">Doposcuola<\/h2><\/div>\t\t\t\t\t\t\t\t\t\t\t\t\t\t\t\t\t\t<div class=\"xpro-hero-slider-description-wrapper\">\n\t\t\t\t\t\t\t<div class=\"xpro-hero-slider-description\" data-animation=\"none\">\n\t\t\t\t\t\t\t\t<p>Assieme possiamo fare un cambio grosso nella societ\u00e0. I bambini sono il capitale del futuro e hanno bisogno di noi. Ecco perch\u00e8 noi ci impegnamo tanto.<\/p>\t\t\t\t\t\t\t<\/div>\n\t\t\t\t\t\t<\/div>\n\t\t\t\t\t\t\n\t\t\t\t\t\t\n\t\t\t\t\t\t\t<div class=\"xpro-hero-slider-slide-button-wrapper\">\n\n\t\t\t\t\t\t\t\t\t\t\t\t\t\t\t<a  href=\"\/en\/doposcuola\/\" class=\"xpro-hero-slider-button-primary xpro-hero-slider-button-default\" data-animation=\"none\">\n\t\t\t\t\t\t\t\t<span class=\"xpro-hero-slider-button-text\">Scopri di pi\u00f9<\/span>\n\t\t\t\t\t\t\t\t\t\t\t\t\t\t\t\t<\/a>\n\t\t\t\t\t\t\t\t\t\t\t\t\t\t\t\t<a  href=\"#\" class=\"xpro-hero-slider-button-secondary xpro-hero-slider-button-default\" data-animation=\"none\">\n\t\t\t\t\t\t\t\t<span class=\"xpro-hero-slider-button-text\">Read More<\/span>\n                                \t\t\t\t\t\t\t\t<\/a>\n\t\t\t\t\t\t\t\t\t\t\t\t\t\t\t<\/div>\n\t\t\t\t\t\t\n\t\t\t\t\t<\/div>\n\t\t\t\t<\/div>\n\t\t\t<\/div>\n\t\t\t\t\t\t<!-- Slides -->\n\t\t\t<div class=\"elementor-repeater-item-4d42ea1 swiper-slide\">\n\t\t\t\t<!--Slide BG-->\n\t\t\t\t<div data-swiper-parallax=\"50%\" class=\"xpro-hero-slider-slide-bg\"><\/div>\n\t\t\t\t<!--Slide Content-->\n\t\t\t\t<div class=\"xpro-hero-slider-slide-content-wrapper\">\n\t\t\t\t\t<div class=\"xpro-hero-slider-slide-content-area\">\n\t\t\t\t\t\t<div class=\"xpro-hero-slider-subtitle-wrapper\"><h4 class=\"xpro-hero-slider-subtitle\" data-animation=\"none\">Aiutiamo a costruire il futuro<\/h4><\/div>\t\t\t\t\t\t<div class=\"xpro-hero-slider-title-wrapper\"><h2 class=\"xpro-hero-slider-title\" data-animation=\"none\">Cozzo Coria<\/h2><\/div>\t\t\t\t\t\t\t\t\t\t\t\t\t\t\t\t\t\t<div class=\"xpro-hero-slider-description-wrapper\">\n\t\t\t\t\t\t\t<div class=\"xpro-hero-slider-description\" data-animation=\"none\">\n\t\t\t\t\t\t\t\t<p>Assieme possiamo fare un cambio grosso nella societ\u00e0. I bambini sono il capitale del futuro e hanno bisogno di noi. Ecco perch\u00e8 noi ci impegnamo tanto.<\/p>\t\t\t\t\t\t\t<\/div>\n\t\t\t\t\t\t<\/div>\n\t\t\t\t\t\t\n\t\t\t\t\t\t\n\t\t\t\t\t\t\t<div class=\"xpro-hero-slider-slide-button-wrapper\">\n\n\t\t\t\t\t\t\t\t\t\t\t\t\t\t\t<a  href=\"\/en\/doposcuola\/\" class=\"xpro-hero-slider-button-primary xpro-hero-slider-button-default\" data-animation=\"none\">\n\t\t\t\t\t\t\t\t<span class=\"xpro-hero-slider-button-text\">Scopri di pi\u00f9<\/span>\n\t\t\t\t\t\t\t\t\t\t\t\t\t\t\t\t<\/a>\n\t\t\t\t\t\t\t\t\t\t\t\t\t\t\t\t<a  href=\"#\" class=\"xpro-hero-slider-button-secondary xpro-hero-slider-button-default\" data-animation=\"none\">\n\t\t\t\t\t\t\t\t<span class=\"xpro-hero-slider-button-text\">Read More<\/span>\n                                \t\t\t\t\t\t\t\t<\/a>\n\t\t\t\t\t\t\t\t\t\t\t\t\t\t\t<\/div>\n\t\t\t\t\t\t\n\t\t\t\t\t<\/div>\n\t\t\t\t<\/div>\n\t\t\t<\/div>\n\t\t\t\t\t\t<!-- Slides -->\n\t\t\t<div class=\"elementor-repeater-item-a950eb5 swiper-slide\">\n\t\t\t\t<!--Slide BG-->\n\t\t\t\t<div data-swiper-parallax=\"50%\" class=\"xpro-hero-slider-slide-bg\"><\/div>\n\t\t\t\t<!--Slide Content-->\n\t\t\t\t<div class=\"xpro-hero-slider-slide-content-wrapper\">\n\t\t\t\t\t<div class=\"xpro-hero-slider-slide-content-area\">\n\t\t\t\t\t\t<div class=\"xpro-hero-slider-subtitle-wrapper\"><h4 class=\"xpro-hero-slider-subtitle\" data-animation=\"none\">Aiutiamo a costruire il futuro<\/h4><\/div>\t\t\t\t\t\t<div class=\"xpro-hero-slider-title-wrapper\"><h2 class=\"xpro-hero-slider-title\" data-animation=\"none\">Studio Dentistico<\/h2><\/div>\t\t\t\t\t\t\t\t\t\t\t\t\t\t\t\t\t\t<div class=\"xpro-hero-slider-description-wrapper\">\n\t\t\t\t\t\t\t<div class=\"xpro-hero-slider-description\" data-animation=\"none\">\n\t\t\t\t\t\t\t\t<p>Assieme possiamo fare un cambio grosso nella societ\u00e0. I bambini sono il capitale del futuro e hanno bisogno di noi. Ecco perch\u00e8 noi ci impegnamo tanto.<\/p>\t\t\t\t\t\t\t<\/div>\n\t\t\t\t\t\t<\/div>\n\t\t\t\t\t\t\n\t\t\t\t\t\t\n\t\t\t\t\t\t\t<div class=\"xpro-hero-slider-slide-button-wrapper\">\n\n\t\t\t\t\t\t\t\t\t\t\t\t\t\t\t<a  href=\"\/en\/doposcuola\/\" class=\"xpro-hero-slider-button-primary xpro-hero-slider-button-default\" data-animation=\"none\">\n\t\t\t\t\t\t\t\t<span class=\"xpro-hero-slider-button-text\">Scopri di pi\u00f9<\/span>\n\t\t\t\t\t\t\t\t\t\t\t\t\t\t\t\t<\/a>\n\t\t\t\t\t\t\t\t\t\t\t\t\t\t\t\t<a  href=\"#\" class=\"xpro-hero-slider-button-secondary xpro-hero-slider-button-default\" data-animation=\"none\">\n\t\t\t\t\t\t\t\t<span class=\"xpro-hero-slider-button-text\">Read More<\/span>\n                                \t\t\t\t\t\t\t\t<\/a>\n\t\t\t\t\t\t\t\t\t\t\t\t\t\t\t<\/div>\n\t\t\t\t\t\t\n\t\t\t\t\t<\/div>\n\t\t\t\t<\/div>\n\t\t\t<\/div>\n\t\t\t\t<\/div>\n<\/div>\n\n\t<div class=\"swiper-pagination\"><\/div>\n<!-- Navigation Arrows -->\n<\/div>\n\t\t\t\t<\/div>\n\t\t\t\t<\/div>\n\t\t\t\t<div class=\"elementor-element elementor-element-8825514 exad-sticky-section-no exad-glass-effect-no elementor-widget elementor-widget-xpro-template\" data-id=\"8825514\" data-element_type=\"widget\" data-widget_type=\"xpro-template.default\">\n\t\t\t\t<div class=\"elementor-widget-container\">\n\t\t\t\t\t<style>.elementor-34041 .elementor-element.elementor-element-4ab05f20{--display:flex;}.elementor-widget-heading .elementor-heading-title{font-family:var( --e-global-typography-primary-font-family ), Sans-serif;font-weight:var( --e-global-typography-primary-font-weight );color:var( --e-global-color-primary );}.elementor-34041 .elementor-element.elementor-element-869f88.xpro-widget-bg-overlay:before{transition:background 0.3s;}.elementor-34041 .elementor-element.elementor-element-869f88 .elementor-heading-title{color:var( --e-global-color-text );}.elementor-34041 .elementor-element.elementor-element-32ec991c .xpro-social-icon-wrapper .elementor-repeater-item-c331c65 .xpro-social-icon > i,\n                     .elementor-34041 .elementor-element.elementor-element-32ec991c .xpro-social-icon-wrapper .elementor-repeater-item-c331c65 .xpro-social-icon .xpro-social-icon-title{color:var( --e-global-color-primary );}.elementor-34041 .elementor-element.elementor-element-32ec991c .xpro-social-icon-wrapper .elementor-repeater-item-c331c65 .xpro-social-icon > svg{fill:var( --e-global-color-primary );}.elementor-34041 .elementor-element.elementor-element-32ec991c .xpro-social-icon-wrapper .elementor-repeater-item-c331c65 .xpro-social-icon{background-color:#353EFF;}.elementor-34041 .elementor-element.elementor-element-32ec991c .xpro-social-icon-wrapper .elementor-repeater-item-bfb4a65 .xpro-social-icon > i,\n                     .elementor-34041 .elementor-element.elementor-element-32ec991c .xpro-social-icon-wrapper .elementor-repeater-item-bfb4a65 .xpro-social-icon .xpro-social-icon-title{color:var( --e-global-color-primary );}.elementor-34041 .elementor-element.elementor-element-32ec991c .xpro-social-icon-wrapper .elementor-repeater-item-bfb4a65 .xpro-social-icon > svg{fill:var( --e-global-color-primary );}.elementor-34041 .elementor-element.elementor-element-32ec991c .xpro-social-icon-wrapper .elementor-repeater-item-bfb4a65 .xpro-social-icon{background-color:#C207CD;}.elementor-34041 .elementor-element.elementor-element-32ec991c .xpro-social-icon-wrapper .elementor-repeater-item-d1bc7f6 .xpro-social-icon > i,\n                     .elementor-34041 .elementor-element.elementor-element-32ec991c .xpro-social-icon-wrapper .elementor-repeater-item-d1bc7f6 .xpro-social-icon .xpro-social-icon-title{color:var( --e-global-color-primary );}.elementor-34041 .elementor-element.elementor-element-32ec991c .xpro-social-icon-wrapper .elementor-repeater-item-d1bc7f6 .xpro-social-icon > svg{fill:var( --e-global-color-primary );}.elementor-34041 .elementor-element.elementor-element-32ec991c .xpro-social-icon-wrapper .elementor-repeater-item-d1bc7f6 .xpro-social-icon{background-color:#E71B1B;}.elementor-34041 .elementor-element.elementor-element-32ec991c.xpro-widget-bg-overlay:before{transition:background 0.3s;}.elementor-34041 .elementor-element.elementor-element-32ec991c.elementor-widget-xpro-social-icon{text-align:left;}.elementor-34041 .elementor-element.elementor-element-32ec991c .xpro-social-icon-wrapper{grid-template-columns:repeat(3, 1fr);grid-column-gap:15px;grid-row-gap:15px;}.elementor-34041 .elementor-element.elementor-element-32ec991c .xpro-social-icon > i{font-size:30px;}.elementor-34041 .elementor-element.elementor-element-32ec991c .xpro-social-icon > svg{width:30px;}.elementor-34041 .elementor-element.elementor-element-32ec991c .xpro-social-icon{height:60px;width:60px;}.elementor-34041 .elementor-element.elementor-element-32ec991c .xpro-social-icon-title{margin-left:5px;}<\/style>\t\t<div data-elementor-type=\"container\" data-elementor-id=\"34041\" class=\"elementor elementor-34041\">\n\t\t\t\t<div class=\"elementor-element elementor-element-4ab05f20 e-con-full e-flex wpr-particle-no wpr-jarallax-no wpr-parallax-no wpr-sticky-section-no e-con e-child\" data-id=\"4ab05f20\" data-element_type=\"container\">\n\t\t\t\t<div class=\"elementor-element elementor-element-869f88 exad-sticky-section-no exad-glass-effect-no elementor-widget elementor-widget-heading\" data-id=\"869f88\" data-element_type=\"widget\" data-widget_type=\"heading.default\">\n\t\t\t\t<div class=\"elementor-widget-container\">\n\t\t\t\t\t<h5 class=\"elementor-heading-title elementor-size-default\">Condividi questo sito coi tuoi amici<\/h5>\t\t\t\t<\/div>\n\t\t\t\t<\/div>\n\t\t\t\t<div class=\"elementor-element elementor-element-32ec991c exad-sticky-section-no exad-glass-effect-no elementor-widget elementor-widget-xpro-social-icon\" data-id=\"32ec991c\" data-element_type=\"widget\" data-widget_type=\"xpro-social-icon.default\">\n\t\t\t\t<div class=\"elementor-widget-container\">\n\t\t\t\t\t\n<!-- Social Icon -->\n<ul class=\"xpro-social-icon-wrapper default\">\n\t\t\t<li class=\"elementor-repeater-item-c331c65\">\n\t\t\t<span class=\"xpro-social-icon xpro-elementor-button-animation-none elementor-social-icon-facebook-f\">\t\t\t<svg aria-hidden=\"true\" class=\"e-font-icon-svg e-fab-facebook-f\" viewbox=\"0 0 320 512\" xmlns=\"http:\/\/www.w3.org\/2000\/svg\"><path d=\"M279.14 288l14.22-92.66h-88.91v-60.13c0-25.35 12.42-50.06 52.24-50.06h40.42V6.26S260.43 0 225.36 0c-73.22 0-121.08 44.38-121.08 124.72v70.62H22.89V288h81.39v224h100.17V288z\"><\/path><\/svg>\t\t\t\t\t\t<\/span>\t\t<\/li>\n\t\t\t<li class=\"elementor-repeater-item-bfb4a65\">\n\t\t\t<span class=\"xpro-social-icon xpro-elementor-button-animation-none elementor-social-icon-instagram\">\t\t\t<svg aria-hidden=\"true\" class=\"e-font-icon-svg e-fab-instagram\" viewbox=\"0 0 448 512\" xmlns=\"http:\/\/www.w3.org\/2000\/svg\"><path d=\"M224.1 141c-63.6 0-114.9 51.3-114.9 114.9s51.3 114.9 114.9 114.9S339 319.5 339 255.9 287.7 141 224.1 141zm0 189.6c-41.1 0-74.7-33.5-74.7-74.7s33.5-74.7 74.7-74.7 74.7 33.5 74.7 74.7-33.6 74.7-74.7 74.7zm146.4-194.3c0 14.9-12 26.8-26.8 26.8-14.9 0-26.8-12-26.8-26.8s12-26.8 26.8-26.8 26.8 12 26.8 26.8zm76.1 27.2c-1.7-35.9-9.9-67.7-36.2-93.9-26.2-26.2-58-34.4-93.9-36.2-37-2.1-147.9-2.1-184.9 0-35.8 1.7-67.6 9.9-93.9 36.1s-34.4 58-36.2 93.9c-2.1 37-2.1 147.9 0 184.9 1.7 35.9 9.9 67.7 36.2 93.9s58 34.4 93.9 36.2c37 2.1 147.9 2.1 184.9 0 35.9-1.7 67.7-9.9 93.9-36.2 26.2-26.2 34.4-58 36.2-93.9 2.1-37 2.1-147.8 0-184.8zM398.8 388c-7.8 19.6-22.9 34.7-42.6 42.6-29.5 11.7-99.5 9-132.1 9s-102.7 2.6-132.1-9c-19.6-7.8-34.7-22.9-42.6-42.6-11.7-29.5-9-99.5-9-132.1s-2.6-102.7 9-132.1c7.8-19.6 22.9-34.7 42.6-42.6 29.5-11.7 99.5-9 132.1-9s102.7-2.6 132.1 9c19.6 7.8 34.7 22.9 42.6 42.6 11.7 29.5 9 99.5 9 132.1s2.7 102.7-9 132.1z\"><\/path><\/svg>\t\t\t\t\t\t<\/span>\t\t<\/li>\n\t\t\t<li class=\"elementor-repeater-item-d1bc7f6\">\n\t\t\t<span class=\"xpro-social-icon xpro-elementor-button-animation-none elementor-social-icon-youtube\">\t\t\t<svg aria-hidden=\"true\" class=\"e-font-icon-svg e-fab-youtube\" viewbox=\"0 0 576 512\" xmlns=\"http:\/\/www.w3.org\/2000\/svg\"><path d=\"M549.655 124.083c-6.281-23.65-24.787-42.276-48.284-48.597C458.781 64 288 64 288 64S117.22 64 74.629 75.486c-23.497 6.322-42.003 24.947-48.284 48.597-11.412 42.867-11.412 132.305-11.412 132.305s0 89.438 11.412 132.305c6.281 23.65 24.787 41.5 48.284 47.821C117.22 448 288 448 288 448s170.78 0 213.371-11.486c23.497-6.321 42.003-24.171 48.284-47.821 11.412-42.867 11.412-132.305 11.412-132.305s0-89.438-11.412-132.305zm-317.51 213.508V175.185l142.739 81.205-142.739 81.201z\"><\/path><\/svg>\t\t\t\t\t\t<\/span>\t\t<\/li>\n\t<\/ul>\n\t\t\t\t<\/div>\n\t\t\t\t<\/div>\n\t\t\t\t<\/div>\n\t\t\t\t<\/div>\n\t\t\t\t\t\t<\/div>\n\t\t\t\t<\/div>\n\t\t\t\t\t<\/div>\n\t\t\t\t<\/div>\n\t\t\t\t<\/div>\n\t\t\t\t<\/div>","protected":false},"excerpt":{"rendered":"<p>Progetti I nostri progetti rispondono ai bisogni concreti del territorio. Dallo studio alla nutrizione, dalla creativit\u00e0 alla crescita spirituale, ogni attivit\u00e0 nasce per costruire una comunit\u00e0 pi\u00f9 solidale e consapevole. Aiutiamo a costruire il futuro Doposcuola Assieme possiamo fare un cambio grosso nella societ\u00e0. I bambini sono il capitale del futuro e hanno bisogno di noi. Ecco perch\u00e8 noi ci impegnamo tanto. Scopri di pi\u00f9 Read More Aiutiamo a costruire il futuro Cozzo Coria Assieme possiamo fare un cambio grosso nella societ\u00e0. I bambini sono il capitale del futuro e hanno bisogno di noi. Ecco perch\u00e8 noi ci impegnamo tanto. Scopri di pi\u00f9 Read More Aiutiamo a costruire il futuro Studio Dentistico Assieme possiamo fare un cambio grosso nella societ\u00e0. I bambini sono il capitale del futuro e hanno bisogno di noi. Ecco perch\u00e8 noi ci impegnamo tanto. Scopri di pi\u00f9 Read More Condividi questo sito coi tuoi amici<\/p>","protected":false},"author":1,"featured_media":0,"parent":0,"menu_order":0,"comment_status":"closed","ping_status":"closed","template":"elementor_header_footer","meta":{"give_campaign_id":0,"footnotes":""},"class_list":["post-12","page","type-page","status-publish","hentry"],"campaignId":"","_links":{"self":[{"href":"https:\/\/fspo.tomasfranciscook.com\/en\/wp-json\/wp\/v2\/pages\/12","targetHints":{"allow":["GET"]}}],"collection":[{"href":"https:\/\/fspo.tomasfranciscook.com\/en\/wp-json\/wp\/v2\/pages"}],"about":[{"href":"https:\/\/fspo.tomasfranciscook.com\/en\/wp-json\/wp\/v2\/types\/page"}],"author":[{"embeddable":true,"href":"https:\/\/fspo.tomasfranciscook.com\/en\/wp-json\/wp\/v2\/users\/1"}],"replies":[{"embeddable":true,"href":"https:\/\/fspo.tomasfranciscook.com\/en\/wp-json\/wp\/v2\/comments?post=12"}],"version-history":[{"count":32,"href":"https:\/\/fspo.tomasfranciscook.com\/en\/wp-json\/wp\/v2\/pages\/12\/revisions"}],"predecessor-version":[{"id":34478,"href":"https:\/\/fspo.tomasfranciscook.com\/en\/wp-json\/wp\/v2\/pages\/12\/revisions\/34478"}],"wp:attachment":[{"href":"https:\/\/fspo.tomasfranciscook.com\/en\/wp-json\/wp\/v2\/media?parent=12"}],"curies":[{"name":"wp","href":"https:\/\/api.w.org\/{rel}","templated":true}]}}