{"id":79,"date":"2025-05-05T10:07:10","date_gmt":"2025-05-05T10:07:10","guid":{"rendered":"https:\/\/fspo.tomasfranciscook.com\/?page_id=79"},"modified":"2025-06-19T15:29:46","modified_gmt":"2025-06-19T15:29:46","slug":"afterschool","status":"publish","type":"page","link":"https:\/\/fspo.tomasfranciscook.com\/en\/afterschool\/","title":{"rendered":"Doposcuola"},"content":{"rendered":"<p>Il nostro doposcuola si trova in Via Villa Scabrosa 128 a Catania preso la Fondazione Stella Polare Onlus<\/p>\n\n\n\n<p>Siamo aperti dal Lunedi fino al Venerdi dalle 15 alle 18:15<\/p>\n\n\n\n<p><\/p>\n\n\n\n<h3 class=\"wp-block-heading\">Supporto scolastico<\/h3>\n\n\n\n<p>Aiutiamo i bambini con i compiti e lo studio per migliorare il loro rendimento scolastico. Molti di loro sono in ritardo rispetto alla loro et\u00e0 e necessitano di un supporto adeguato. Il nostro obiettivo \u00e8 colmare queste lacune, offrendo un apprendimento equilibrato e adatto alla loro crescita.<\/p>\n\n\n\n<p><\/p>\n\n\n\n<figure class=\"wp-block-image size-full is-resized\"><img fetchpriority=\"high\" decoding=\"async\" width=\"721\" height=\"1280\" src=\"https:\/\/fspo.tomasfranciscook.com\/wp-content\/uploads\/2025\/06\/doposcuolaaiutocompiti-2.jpg\" alt=\"aiuto compiti\" class=\"wp-image-34127\" style=\"object-fit:cover;width:300px;height:300px\" srcset=\"https:\/\/fspo.tomasfranciscook.com\/wp-content\/uploads\/2025\/06\/doposcuolaaiutocompiti-2.jpg 721w, https:\/\/fspo.tomasfranciscook.com\/wp-content\/uploads\/2025\/06\/doposcuolaaiutocompiti-2-169x300.jpg 169w, https:\/\/fspo.tomasfranciscook.com\/wp-content\/uploads\/2025\/06\/doposcuolaaiutocompiti-2-577x1024.jpg 577w, https:\/\/fspo.tomasfranciscook.com\/wp-content\/uploads\/2025\/06\/doposcuolaaiutocompiti-2-7x12.jpg 7w\" sizes=\"(max-width: 721px) 100vw, 721px\" \/><\/figure>\n\n\n\n<p><\/p>\n\n\n\n<h3 class=\"wp-block-heading\">Laboratori creativi<\/h3>\n\n\n\n<p>Offriamo attivit\u00e0 artistiche, musicali e teatrali per sviluppare i talenti dei ragazzi. Questi laboratori permettono loro di esprimere emozioni, divertirsi e sentirsi valorizzati. Per molti bambini, rappresentano uno spazio di libert\u00e0 e creativit\u00e0 lontano dalle difficolt\u00e0 quotidiane.<\/p>\n\n\n\n<p><\/p>\n\n\n\n<figure class=\"wp-block-image size-full is-resized\"><img decoding=\"async\" width=\"1280\" height=\"720\" src=\"https:\/\/fspo.tomasfranciscook.com\/wp-content\/uploads\/2025\/06\/labmusica-2.jpg\" alt=\"\" class=\"wp-image-34206\" style=\"object-fit:cover;width:300px;height:300px\" srcset=\"https:\/\/fspo.tomasfranciscook.com\/wp-content\/uploads\/2025\/06\/labmusica-2.jpg 1280w, https:\/\/fspo.tomasfranciscook.com\/wp-content\/uploads\/2025\/06\/labmusica-2-300x169.jpg 300w, https:\/\/fspo.tomasfranciscook.com\/wp-content\/uploads\/2025\/06\/labmusica-2-1024x576.jpg 1024w, https:\/\/fspo.tomasfranciscook.com\/wp-content\/uploads\/2025\/06\/labmusica-2-768x432.jpg 768w, https:\/\/fspo.tomasfranciscook.com\/wp-content\/uploads\/2025\/06\/labmusica-2-18x10.jpg 18w\" sizes=\"(max-width: 1280px) 100vw, 1280px\" \/><\/figure>\n\n\n\n<p><\/p>\n\n\n\n<h3 class=\"wp-block-heading\">Sport e socializzazione<\/h3>\n\n\n\n<p>Organizziamo attivit\u00e0 sportive come calcio e rugby sulla terrazza. Lo sport aiuta a formare il carattere, migliorare il controllo delle emozioni e rafforzare il lavoro di squadra. Con la guida di un allenatore, i bambini imparano il rispetto, la disciplina e la competizione sana.<\/p>\n\n\n\n<p><\/p>\n\n\n\n<figure class=\"wp-block-image size-full is-resized\"><img decoding=\"async\" width=\"720\" height=\"1280\" src=\"https:\/\/fspo.tomasfranciscook.com\/wp-content\/uploads\/2025\/06\/calcio.jpg\" alt=\"\" class=\"wp-image-34115\" style=\"object-fit:cover;width:300px;height:300px\" srcset=\"https:\/\/fspo.tomasfranciscook.com\/wp-content\/uploads\/2025\/06\/calcio.jpg 720w, https:\/\/fspo.tomasfranciscook.com\/wp-content\/uploads\/2025\/06\/calcio-169x300.jpg 169w, https:\/\/fspo.tomasfranciscook.com\/wp-content\/uploads\/2025\/06\/calcio-576x1024.jpg 576w, https:\/\/fspo.tomasfranciscook.com\/wp-content\/uploads\/2025\/06\/calcio-7x12.jpg 7w\" sizes=\"(max-width: 720px) 100vw, 720px\" \/><\/figure>\n\n\n\n<p><\/p>\n\n\n\n<p><\/p>","protected":false},"excerpt":{"rendered":"<p>Il nostro doposcuola si trova in Via Villa Scabrosa 128 a Catania preso la Fondazione Stella Polare Onlus Siamo aperti dal Lunedi fino al Venerdi dalle 15 alle 18:15 Supporto scolastico Aiutiamo i bambini con i compiti e lo studio per migliorare il loro rendimento scolastico. Molti di loro sono in ritardo rispetto alla loro et\u00e0 e necessitano di un supporto adeguato. Il nostro obiettivo \u00e8 colmare queste lacune, offrendo un apprendimento equilibrato e adatto alla loro crescita. Laboratori creativi Offriamo attivit\u00e0 artistiche, musicali e teatrali per sviluppare i talenti dei ragazzi. Questi laboratori permettono loro di esprimere emozioni, divertirsi e sentirsi valorizzati. Per molti bambini, rappresentano uno spazio di libert\u00e0 e creativit\u00e0 lontano dalle difficolt\u00e0 quotidiane. Sport e socializzazione Organizziamo attivit\u00e0 sportive come calcio e rugby sulla terrazza. Lo sport aiuta a formare il carattere, migliorare il controllo delle emozioni e rafforzare il lavoro di squadra. Con la guida di un allenatore, i bambini imparano il rispetto, la disciplina e la competizione sana.<\/p>","protected":false},"author":1,"featured_media":34156,"parent":0,"menu_order":0,"comment_status":"closed","ping_status":"closed","template":"elementor_theme","meta":{"give_campaign_id":0,"footnotes":""},"class_list":["post-79","page","type-page","status-publish","has-post-thumbnail","hentry"],"campaignId":"","_links":{"self":[{"href":"https:\/\/fspo.tomasfranciscook.com\/en\/wp-json\/wp\/v2\/pages\/79","targetHints":{"allow":["GET"]}}],"collection":[{"href":"https:\/\/fspo.tomasfranciscook.com\/en\/wp-json\/wp\/v2\/pages"}],"about":[{"href":"https:\/\/fspo.tomasfranciscook.com\/en\/wp-json\/wp\/v2\/types\/page"}],"author":[{"embeddable":true,"href":"https:\/\/fspo.tomasfranciscook.com\/en\/wp-json\/wp\/v2\/users\/1"}],"replies":[{"embeddable":true,"href":"https:\/\/fspo.tomasfranciscook.com\/en\/wp-json\/wp\/v2\/comments?post=79"}],"version-history":[{"count":6,"href":"https:\/\/fspo.tomasfranciscook.com\/en\/wp-json\/wp\/v2\/pages\/79\/revisions"}],"predecessor-version":[{"id":34278,"href":"https:\/\/fspo.tomasfranciscook.com\/en\/wp-json\/wp\/v2\/pages\/79\/revisions\/34278"}],"wp:featuredmedia":[{"embeddable":true,"href":"https:\/\/fspo.tomasfranciscook.com\/en\/wp-json\/wp\/v2\/media\/34156"}],"wp:attachment":[{"href":"https:\/\/fspo.tomasfranciscook.com\/en\/wp-json\/wp\/v2\/media?parent=79"}],"curies":[{"name":"wp","href":"https:\/\/api.w.org\/{rel}","templated":true}]}}